{"id":50635,"date":"2021-05-11T14:56:55","date_gmt":"2021-05-11T14:56:55","guid":{"rendered":"http:\/\/dev.climatech.ca\/faq\/"},"modified":"2021-05-17T13:13:24","modified_gmt":"2021-05-17T13:13:24","slug":"faq","status":"publish","type":"page","link":"https:\/\/climatech.ca\/fr\/faq\/","title":{"rendered":"FAQ"},"content":{"rendered":"<p>[et_pb_section fb_built=\u00a0\u00bb1&Prime; admin_label=\u00a0\u00bbHero\u00a0\u00bb _builder_version=\u00a0\u00bb4.3.4&Prime; use_background_color_gradient=\u00a0\u00bbon\u00a0\u00bb background_color_gradient_start=\u00a0\u00bbrgba(40,40,40,0.79)\u00a0\u00bb background_color_gradient_end=\u00a0\u00bbrgba(40,40,40,0.86)\u00a0\u00bb background_color_gradient_type=\u00a0\u00bbradial\u00a0\u00bb background_color_gradient_direction_radial=\u00a0\u00bbtop left\u00a0\u00bb background_color_gradient_overlays_image=\u00a0\u00bbon\u00a0\u00bb background_image=\u00a0\u00bbhttps:\/\/climatech.ca\/wp-content\/uploads\/2020\/02\/faq-board.jpg\u00a0\u00bb custom_margin=\u00a0\u00bb||||false\u00a0\u00bb custom_padding=\u00a0\u00bb10vw||10vw||true|false\u00a0\u00bb][et_pb_row column_structure=\u00a0\u00bb2_3,1_3&Prime; _builder_version=\u00a0\u00bb3.25&Prime;][et_pb_column type=\u00a0\u00bb2_3&Prime; _builder_version=\u00a0\u00bb3.25&Prime; custom_padding=\u00a0\u00bb|||\u00a0\u00bb custom_padding__hover=\u00a0\u00bb|||\u00a0\u00bb][et_pb_text _builder_version=\u00a0\u00bb4.3.4&Prime; text_font=\u00a0\u00bb||||||||\u00a0\u00bb header_font=\u00a0\u00bbRubik|700|||||||\u00a0\u00bb header_font_size=\u00a0\u00bb64px\u00a0\u00bb header_line_height=\u00a0\u00bb1.1em\u00a0\u00bb background_layout=\u00a0\u00bbdark\u00a0\u00bb max_width=\u00a0\u00bb800px\u00a0\u00bb custom_margin=\u00a0\u00bb||0px|\u00a0\u00bb custom_padding=\u00a0\u00bb|||16px\u00a0\u00bb text_font_size_tablet=\u00a0\u00bb14px\u00a0\u00bb text_font_size_last_edited=\u00a0\u00bboff|desktop\u00a0\u00bb header_font_size_tablet=\u00a0\u00bb44px\u00a0\u00bb header_font_size_phone=\u00a0\u00bb32px\u00a0\u00bb header_font_size_last_edited=\u00a0\u00bbon|phone\u00a0\u00bb border_color_all=\u00a0\u00bb#e02b20&Prime; border_width_left=\u00a0\u00bb10px\u00a0\u00bb]<\/p>\n<h1>FAQ<\/h1>\n<p>[\/et_pb_text][et_pb_text _builder_version=\u00a0\u00bb4.3.4&Prime; text_font=\u00a0\u00bb||||||||\u00a0\u00bb text_font_size=\u00a0\u00bb22px\u00a0\u00bb text_line_height=\u00a0\u00bb1.6em\u00a0\u00bb header_font=\u00a0\u00bb||||||||\u00a0\u00bb background_layout=\u00a0\u00bbdark\u00a0\u00bb max_width=\u00a0\u00bb800px\u00a0\u00bb custom_margin=\u00a0\u00bb|||\u00a0\u00bb custom_padding=\u00a0\u00bb20px||20px||true\u00a0\u00bb text_font_size_tablet=\u00a0\u00bb18px\u00a0\u00bb text_font_size_phone=\u00a0\u00bb\u00a0\u00bb text_font_size_last_edited=\u00a0\u00bbon|phone\u00a0\u00bb]Lisez de nombreuses questions fr\u00e9quemment pos\u00e9es[\/et_pb_text][\/et_pb_column][et_pb_column type=\u00a0\u00bb1_3&Prime; _builder_version=\u00a0\u00bb3.25&Prime; custom_padding=\u00a0\u00bb|||\u00a0\u00bb custom_padding__hover=\u00a0\u00bb|||\u00a0\u00bb][\/et_pb_column][\/et_pb_row][\/et_pb_section][et_pb_section fb_built=\u00a0\u00bb1&Prime; admin_label=\u00a0\u00bbFAQ\u00a0\u00bb _builder_version=\u00a0\u00bb3.22&Prime; background_color=\u00a0\u00bb#f7f7f7&Prime;][et_pb_row column_structure=\u00a0\u00bb1_4,3_4&Prime; _builder_version=\u00a0\u00bb3.25&Prime;][et_pb_column type=\u00a0\u00bb1_4&Prime; _builder_version=\u00a0\u00bb3.25&Prime; custom_padding=\u00a0\u00bb|||\u00a0\u00bb custom_padding__hover=\u00a0\u00bb|||\u00a0\u00bb][et_pb_text _builder_version=\u00a0\u00bb3.27.4&Prime; text_font=\u00a0\u00bb||||||||\u00a0\u00bb header_font=\u00a0\u00bb||||||||\u00a0\u00bb header_2_font=\u00a0\u00bbRubik|700|||||||\u00a0\u00bb header_2_font_size=\u00a0\u00bb42px\u00a0\u00bb header_2_line_height=\u00a0\u00bb1.2em\u00a0\u00bb custom_margin=\u00a0\u00bb|||\u00a0\u00bb custom_padding=\u00a0\u00bb|||\u00a0\u00bb header_2_font_size_tablet=\u00a0\u00bb\u00a0\u00bb header_2_font_size_phone=\u00a0\u00bb36px\u00a0\u00bb header_2_font_size_last_edited=\u00a0\u00bbon|phone\u00a0\u00bb locked=\u00a0\u00bboff\u00a0\u00bb]<\/p>\n<h2>F.A.Q.<\/h2>\n<p>[\/et_pb_text][et_pb_divider color=\u00a0\u00bb#0c71c3&Prime; divider_position=\u00a0\u00bbcenter\u00a0\u00bb divider_weight=\u00a0\u00bb5px\u00a0\u00bb _builder_version=\u00a0\u00bb4.3.4&Prime; max_width=\u00a0\u00bb50px\u00a0\u00bb locked=\u00a0\u00bboff\u00a0\u00bb][\/et_pb_divider][et_pb_text _builder_version=\u00a0\u00bb4.3.4&Prime; text_font=\u00a0\u00bb||||||||\u00a0\u00bb text_font_size=\u00a0\u00bb15px\u00a0\u00bb text_line_height=\u00a0\u00bb1.8em\u00a0\u00bb locked=\u00a0\u00bboff\u00a0\u00bb]Nous avons regroup\u00e9 cette liste de questions fr\u00e9quemment pos\u00e9es sur le chauffage, la climatisation, les syst\u00e8mes et leur entretien. Si votre probl\u00e8me ne figure pas dans cette liste, veuillez contacter notre \u00e9quipe pour obtenir de l&rsquo;aide.[\/et_pb_text][et_pb_button button_text=\u00a0\u00bbBesoin d&rsquo;aide?\u00a0\u00bb _builder_version=\u00a0\u00bb4.9.4&Prime; custom_button=\u00a0\u00bbon\u00a0\u00bb button_text_size=\u00a0\u00bb14px\u00a0\u00bb button_text_color=\u00a0\u00bb#ffffff\u00a0\u00bb button_border_width=\u00a0\u00bb4px\u00a0\u00bb button_border_radius=\u00a0\u00bb0px\u00a0\u00bb button_letter_spacing=\u00a0\u00bb4px\u00a0\u00bb button_font=\u00a0\u00bbRubik|700||on|||||\u00a0\u00bb button_icon=\u00a0\u00bb%%3%%\u00a0\u00bb custom_padding=\u00a0\u00bb12px|30px|12px|30px|true|true\u00a0\u00bb hover_enabled=\u00a0\u00bb0&Prime; button_text_color_hover=\u00a0\u00bb#ffffff\u00a0\u00bb button_border_color_hover=\u00a0\u00bb#ffb400&Prime; button_bg_color_hover=\u00a0\u00bb#ffb400&Prime; locked=\u00a0\u00bboff\u00a0\u00bb button_text_size__hover_enabled=\u00a0\u00bboff\u00a0\u00bb button_one_text_size__hover_enabled=\u00a0\u00bboff\u00a0\u00bb button_two_text_size__hover_enabled=\u00a0\u00bboff\u00a0\u00bb button_text_color__hover_enabled=\u00a0\u00bbon\u00a0\u00bb button_text_color__hover=\u00a0\u00bb#000000&Prime; button_one_text_color__hover_enabled=\u00a0\u00bboff\u00a0\u00bb button_two_text_color__hover_enabled=\u00a0\u00bboff\u00a0\u00bb button_border_width__hover_enabled=\u00a0\u00bboff\u00a0\u00bb button_one_border_width__hover_enabled=\u00a0\u00bboff\u00a0\u00bb button_two_border_width__hover_enabled=\u00a0\u00bboff\u00a0\u00bb button_border_color__hover_enabled=\u00a0\u00bbon|desktop\u00a0\u00bb button_border_color__hover=\u00a0\u00bb#0c71c3&Prime; button_one_border_color__hover_enabled=\u00a0\u00bboff\u00a0\u00bb button_two_border_color__hover_enabled=\u00a0\u00bboff\u00a0\u00bb button_border_radius__hover_enabled=\u00a0\u00bboff\u00a0\u00bb button_one_border_radius__hover_enabled=\u00a0\u00bboff\u00a0\u00bb button_two_border_radius__hover_enabled=\u00a0\u00bboff\u00a0\u00bb button_letter_spacing__hover_enabled=\u00a0\u00bboff\u00a0\u00bb button_one_letter_spacing__hover_enabled=\u00a0\u00bboff\u00a0\u00bb button_two_letter_spacing__hover_enabled=\u00a0\u00bboff\u00a0\u00bb button_bg_color__hover_enabled=\u00a0\u00bbon|hover\u00a0\u00bb button_bg_color__hover=\u00a0\u00bb#ffffff\u00a0\u00bb button_one_bg_color__hover_enabled=\u00a0\u00bboff\u00a0\u00bb button_two_bg_color__hover_enabled=\u00a0\u00bboff\u00a0\u00bb button_bg_enable_color__hover=\u00a0\u00bbon\u00a0\u00bb button_url=\u00a0\u00bbhttps:\/\/climatech.ca\/fr\/contact\/\u00a0\u00bb sticky_enabled=\u00a0\u00bb0&Prime;][\/et_pb_button][\/et_pb_column][et_pb_column type=\u00a0\u00bb3_4&Prime; _builder_version=\u00a0\u00bb3.25&Prime; custom_padding=\u00a0\u00bb|||\u00a0\u00bb custom_padding__hover=\u00a0\u00bb|||\u00a0\u00bb][et_pb_accordion closed_toggle_text_color=\u00a0\u00bb#2a2a2a\u00a0\u00bb closed_toggle_background_color=\u00a0\u00bb#ffffff\u00a0\u00bb icon_color=\u00a0\u00bb#0c71c3&Prime; _builder_version=\u00a0\u00bb4.9.4&Prime; toggle_font=\u00a0\u00bbRubik|700|||||||\u00a0\u00bb toggle_font_size=\u00a0\u00bb18px\u00a0\u00bb toggle_line_height=\u00a0\u00bb1.4em\u00a0\u00bb body_font=\u00a0\u00bb||||||||\u00a0\u00bb body_font_size=\u00a0\u00bb15px\u00a0\u00bb body_line_height=\u00a0\u00bb1.8em\u00a0\u00bb custom_margin=\u00a0\u00bb|||\u00a0\u00bb custom_padding=\u00a0\u00bb|||\u00a0\u00bb border_width_all=\u00a0\u00bb0px\u00a0\u00bb global_module=\u00a0\u00bb180&Prime; saved_tabs=\u00a0\u00bball\u00a0\u00bb][et_pb_accordion_item title=\u00a0\u00bbComment choisir entre un climatiseur et une thermopompe?\u00a0\u00bb _builder_version=\u00a0\u00bb4.3.4&Prime; custom_margin=\u00a0\u00bb1px||1px||true\u00a0\u00bb open=\u00a0\u00bbon\u00a0\u00bb]Puisque l&rsquo;achat d&rsquo;un climatiseur pour votre maison est un choix important, il est essentiel d&rsquo;\u00eatre bien inform\u00e9 avant de prendre sa d\u00e9cision. Un climatiseur vous permettra de rafra\u00eechir votre maison en \u00e9t\u00e9, tandis qu&rsquo;une thermopompe vous permettra \u00e9galement de chauffer en hiver en inversant son cycle de fonctionnement. La thermopompe vous fera \u00e9conomiser sur votre facture d&rsquo;\u00e9lectricit\u00e9 puisqu&rsquo;elle consomme beaucoup moins d&rsquo;\u00e9nergie que votre syst\u00e8me de chauffage principal (fournaise, radiateurs \u00e9lectriques, etc.).[\/et_pb_accordion_item][et_pb_accordion_item title=\u00a0\u00bbQuelle est la dur\u00e9e de vie moyenne de mon syst\u00e8me?\u00a0\u00bb _builder_version=\u00a0\u00bb4.3.4&Prime; custom_margin=\u00a0\u00bb1px||1px||true\u00a0\u00bb open=\u00a0\u00bboff\u00a0\u00bb]Une thermopompe ou un climatiseur central ou sans conduits aura une dur\u00e9e de vie moyenne de 10 \u00e0 15 ans. Une fournaise \u00e9lectrique ou \u00e0 gaz aura une dur\u00e9e de vie moyenne de 15 \u00e0 20 ans.[\/et_pb_accordion_item][et_pb_accordion_item title=\u00a0\u00bbQuels sont les avantages d&rsquo;un syst\u00e8me \u00e0 air puls\u00e9?\u00a0\u00bb _builder_version=\u00a0\u00bb4.3.4&Prime; custom_margin=\u00a0\u00bb1px||1px||true\u00a0\u00bb open=\u00a0\u00bboff\u00a0\u00bb]Gr\u00e2ce aux conduits de ventilation, ces syst\u00e8mes assurent un chauffage plus uniforme dans toutes les pi\u00e8ces de la maison. L&rsquo;air est distribu\u00e9 \u00e0 travers les conduits de ventilation et la temp\u00e9rature demand\u00e9e sur le thermostat est rapidement atteinte dans toutes les pi\u00e8ces de la maison, m\u00eame si les portes des diff\u00e9rentes pi\u00e8ces sont ferm\u00e9es. De plus, avec un syst\u00e8me d&rsquo;air puls\u00e9 central, il est possible d&rsquo;ajouter des accessoires pour am\u00e9liorer le confort de la r\u00e9sidence. Vous pouvez contr\u00f4ler le niveau d&rsquo;humidit\u00e9 de la r\u00e9sidence en ajoutant un humidificateur central. Vous pouvez \u00e9galement climatiser la maison en ajoutant un climatiseur ou une thermopompe. Il est aussi possible d&rsquo;ajouter une lampe ultraviolette pour aider \u00e0 neutraliser la pr\u00e9sence de mauvaises odeurs et purifier l&rsquo;air en \u00e9liminant les bact\u00e9ries, les moisissures et les allerg\u00e8nes.[\/et_pb_accordion_item][et_pb_accordion_item title=\u00a0\u00bbPourquoi ma thermopompe d\u00e9gage de la fum\u00e9e en hiver?\u00a0\u00bb _builder_version=\u00a0\u00bb4.3.4&Prime; custom_margin=\u00a0\u00bb1px||1px||true\u00a0\u00bb open=\u00a0\u00bboff\u00a0\u00bb]Lorsque la temp\u00e9rature approche du point de cong\u00e9lation ou descend en dessous de 0 degr\u00e9s Celsius et que l&rsquo;humidit\u00e9 ext\u00e9rieure est suffisamment \u00e9lev\u00e9e, il est normal de voir de la vapeur d&rsquo;eau s&rsquo;\u00e9chapper de la pompe \u00e0 chaleur et de remarquer une fine couche de glace ou de givre sur le serpentin ext\u00e9rieur de votre pompe \u00e0 chaleur, lorsqu&rsquo;elle est en mode chauffage. Ce ph\u00e9nom\u00e8ne constitue le cycle de d\u00e9givrage de votre pompe \u00e0 chaleur et est essentiel \u00e0 son bon fonctionnement. En effet, gr\u00e2ce au mode d\u00e9givrage, la glace pr\u00e9sente sur le serpentin ext\u00e9rieur fond, ce qui provoque la une vapeur d&rsquo;eau, qui s&rsquo;apparente \u00e0 une l\u00e9g\u00e8re fum\u00e9e blanche. Pendant le cycle de d\u00e9givrage, le ventilateur ext\u00e9rieur arr\u00eate de fonctionner, puis la pompe \u00e0 chaleur d\u00e9marre la climatisation pendant quelques minutes, faisant en sorte que le compresseur fasse peu plus de bruit pendant cette \u00e9tape. Enfin, la pompe \u00e0 chaleur revient en mode chauffage. Le cycle de d\u00e9givrage peut \u00eatre effectu\u00e9 toutes les 30, 60 ou 90 minutes selon le cas. Il est donc important de se rappeler qu&rsquo;une fine couche de glace ou de givre sur votre pompe \u00e0 chaleur et que l&rsquo;\u00e9chappement de la vapeur d&rsquo;eau est tout \u00e0 fait normal pendant la p\u00e9riode froide.[\/et_pb_accordion_item][et_pb_accordion_item title=\u00a0\u00bbDois-je r\u00e9gler mon thermostat en mode ventilation ON ou en mode ventilation AUTO?\u00a0\u00bb _builder_version=\u00a0\u00bb4.3.4&Prime; custom_margin=\u00a0\u00bb1px||1px||true\u00a0\u00bb open=\u00a0\u00bboff\u00a0\u00bb]La ventilation se fait par le ventilateur situ\u00e9 \u00e0 l&rsquo;int\u00e9rieur de la maison. En fait, il est important de comprendre la diff\u00e9rence entre ces deux modes. Le mode automatique signifie que le ventilateur ne fonctionnera que lorsque votre thermostat indique une demande de chauffage ou de refroidissement. Lorsque la demande est atteinte, le ventilateur arr\u00eate de fonctionner. Le mode ON signifie que le ventilateur fonctionne en permanence, 24 heures sur 24, 7 jours sur 7. Ainsi, il y a toujours une circulation d\u2019air dans la maison m\u00eame s&rsquo;il n&rsquo;y a pas de demande de climatisation ou de chauffage. Evidemment, faire fonctionner la ventilation en mode ON co\u00fbte un peu plus cher \u00e0 l&rsquo;utilisateur en \u00e9lectricit\u00e9 puisque le syst\u00e8me fonctionne en permanence. Cependant, ce mode \u00e9vite une usure pr\u00e9matur\u00e9e du moteur de ventilation. En effet, l\u2019arr\u00eat et le d\u00e9marrage du moteur \u00e0 chaque demande en mode AUTO causent beaucoup plus de dommages qu&rsquo;une utilisation constante. L&rsquo;utilisation en mode ON n\u00e9cessitera un remplacement du filtre plus fr\u00e9quent car l&rsquo;air y circulera en permanence. Enfin, l&rsquo;utilisation du mode ON permettra une meilleure r\u00e9partition de la chaleur ou de la climatisation dans toutes vos pi\u00e8ces. Certaines pi\u00e8ces peuvent \u00eatre expos\u00e9es au soleil toute la journ\u00e9e, et d&rsquo;autres restent \u00e0 l&rsquo;ombre. Cela augmentera la temp\u00e9rature de plusieurs degr\u00e9s dans certaines pi\u00e8ces de votre maison. Faire fonctionner la ventilation 24 heures sur 24, 7 jours sur 7, redistribuera cette chaleur du soleil pour uniformiser la temp\u00e9rature dans toute la maison.[\/et_pb_accordion_item][et_pb_accordion_item title=\u00a0\u00bbQu&rsquo;est-ce que TRES ou SEER?\u00a0\u00bb _builder_version=\u00a0\u00bb4.3.4&Prime; custom_margin=\u00a0\u00bb1px||1px||true\u00a0\u00bb open=\u00a0\u00bboff\u00a0\u00bb]SEER, en anglais, signifie \u00abSeasonal Energy Efficiency ratio\u00bb.<br \/>\nTRES signifie \u00abtaux d&rsquo;efficacit\u00e9 \u00e9nerg\u00e9tique saisonnier\u00bb.<br \/>\nCe taux permet de calculer l&rsquo;efficacit\u00e9 de l&rsquo;appareil en climatisation. Plus le d\u00e9bit est \u00e9lev\u00e9, moins l&rsquo;appareil consomme d&rsquo;\u00e9nergie pendant son fonctionnement.[\/et_pb_accordion_item][et_pb_accordion_item title=\u00a0\u00bbQu&rsquo;est-ce qu&rsquo;une tonne?\u00a0\u00bb _builder_version=\u00a0\u00bb4.3.4&Prime; custom_margin=\u00a0\u00bb1px||1px||true\u00a0\u00bb open=\u00a0\u00bboff\u00a0\u00bb]Une tonne mesure la capacit\u00e9 de l&rsquo;unit\u00e9 en climatisation. Une tonne \u00e9quivaut \u00e0 12 000 BTU \/ h. Plusieurs facteurs peuvent influencer le choix du bon tonnage tels que: la surface \u00e0 chauffer ou \u00e0 climatiser, les pressions statiques dans votre syst\u00e8me central, l&rsquo;exposition au soleil, l&#8217;emplacement de l&rsquo;appareil mural sans conduits et l\u2019am\u00e9nagement des pi\u00e8ces de votre r\u00e9sidence.[\/et_pb_accordion_item][et_pb_accordion_item title=\u00a0\u00bbQu&rsquo;est-ce que HSPF ou CPSC?\u00a0\u00bb open=\u00a0\u00bboff\u00a0\u00bb _builder_version=\u00a0\u00bb4.9.4&Prime; custom_margin=\u00a0\u00bb1px||1px||true\u00a0\u00bb]HSPF signifie \u00ab Heating Seasonal Performance Factor\u00bb.En fran\u00e7ais, CPSC signifie \u00ab Coefficient de Performance Saisonnier du Chauffage \u00bb. Ainsi, le HSPF mesure l&rsquo;efficacit\u00e9 de la pompe \u00e0 chaleur en chauffage. Plus le d\u00e9bit est \u00e9lev\u00e9, moins il consomme d&rsquo;\u00e9nergie pendant le fonctionnement.[\/et_pb_accordion_item][et_pb_accordion_item title=\u00a0\u00bbQu&rsquo;est-ce que BTU?\u00a0\u00bb _builder_version=\u00a0\u00bb4.3.4&Prime; custom_margin=\u00a0\u00bb1px||1px||true\u00a0\u00bb open=\u00a0\u00bboff\u00a0\u00bb]Les BTU sont utilis\u00e9s dans l&rsquo;industrie pour indiquer la quantit\u00e9 de chaleur qui peut \u00eatre lib\u00e9r\u00e9e par un appareil. Plusieurs facteurs peuvent influencer le choix du bon nombre de BTU tels que: la zone \u00e0 chauffer ou \u00e0 refroidir, les pressions statiques dans votre syst\u00e8me central, l&rsquo;exposition au soleil, l&#8217;emplacement de l&rsquo;unit\u00e9 murale sans conduit et les pi\u00e8ces d&rsquo;am\u00e9nagement dans votre r\u00e9sidence.[\/et_pb_accordion_item][et_pb_accordion_item title=\u00a0\u00bb\u00c0 quelle fr\u00e9quence dois-je remplacer mon filtre \u00e0 air?\u00a0\u00bb _builder_version=\u00a0\u00bb4.3.4&Prime; custom_margin=\u00a0\u00bb1px||1px||true\u00a0\u00bb open=\u00a0\u00bboff\u00a0\u00bb]La dur\u00e9e de vie d&rsquo;un filtre de 4  \u00ab\u00a0d&rsquo;\u00e9paisseur est d&rsquo;environ 3 \u00e0 4 mois ou plus selon la concentration de poussi\u00e8re dans votre maison. Cependant, un filtre de 1&Prime; d&rsquo;\u00e9paisseur doit \u00eatre remplac\u00e9 tous les mois, et les filtres de 2\u00a0\u00bb tous les 2 mois. Nous offrons un service de livraison de filtres, les tarifs varient en fonction de votre zone r\u00e9sidentielle.[\/et_pb_accordion_item][\/et_pb_accordion][\/et_pb_column][\/et_pb_row][\/et_pb_section]<\/p>\n","protected":false},"excerpt":{"rendered":"<p>FAQLisez de nombreuses questions fr\u00e9quemment pos\u00e9esF.A.Q. Nous avons regroup\u00e9 cette liste de questions fr\u00e9quemment pos\u00e9es sur le chauffage, la climatisation, les syst\u00e8mes et leur entretien. Si votre probl\u00e8me ne figure pas dans cette liste, veuillez contacter notre \u00e9quipe pour obtenir de l&rsquo;aide.Puisque l&rsquo;achat d&rsquo;un climatiseur pour votre maison est un choix important, il est essentiel [&hellip;]<\/p>\n","protected":false},"author":1,"featured_media":0,"parent":0,"menu_order":0,"comment_status":"closed","ping_status":"closed","template":"","meta":{"_et_pb_use_builder":"on","_et_pb_old_content":"","_et_gb_content_width":"","footnotes":""},"class_list":["post-50635","page","type-page","status-publish","hentry"],"_links":{"self":[{"href":"https:\/\/climatech.ca\/fr\/wp-json\/wp\/v2\/pages\/50635","targetHints":{"allow":["GET"]}}],"collection":[{"href":"https:\/\/climatech.ca\/fr\/wp-json\/wp\/v2\/pages"}],"about":[{"href":"https:\/\/climatech.ca\/fr\/wp-json\/wp\/v2\/types\/page"}],"author":[{"embeddable":true,"href":"https:\/\/climatech.ca\/fr\/wp-json\/wp\/v2\/users\/1"}],"replies":[{"embeddable":true,"href":"https:\/\/climatech.ca\/fr\/wp-json\/wp\/v2\/comments?post=50635"}],"version-history":[{"count":6,"href":"https:\/\/climatech.ca\/fr\/wp-json\/wp\/v2\/pages\/50635\/revisions"}],"predecessor-version":[{"id":50805,"href":"https:\/\/climatech.ca\/fr\/wp-json\/wp\/v2\/pages\/50635\/revisions\/50805"}],"wp:attachment":[{"href":"https:\/\/climatech.ca\/fr\/wp-json\/wp\/v2\/media?parent=50635"}],"curies":[{"name":"wp","href":"https:\/\/api.w.org\/{rel}","templated":true}]}}